{"id":126,"date":"2013-02-03T17:53:54","date_gmt":"2013-02-03T16:53:54","guid":{"rendered":"http:\/\/bliss.pro\/fracture\/?page_id=126"},"modified":"2014-06-16T16:25:56","modified_gmt":"2014-06-16T14:25:56","slug":"liens-utiles","status":"publish","type":"page","link":"http:\/\/bliss.pro\/fracture\/les-riches-ont-gagne-le-dernier-essai\/integralite-des-articles\/liens-utiles\/","title":{"rendered":"Liens utiles"},"content":{"rendered":"<p><a title=\"Les 500 plus grandes fortunes fran\u00e7aises\" href=\"http:\/\/www.challenges.fr\/classements\/fortune\/\">Les 500 plus grandes fortunes fran\u00e7aises<\/a>\u00a0(Challenges)<br \/>\n<a title=\"INSEE\" href=\"http:\/\/www.insee.fr\/\">INSEE<\/a><br \/>\n<a title=\"La Vie des id\u00e9es\" href=\"http:\/\/www.laviedesidees.fr\/\">La Vie des id\u00e9es<\/a><br \/>\n<a title=\"Qui sont les 1 % fran\u00e7ais ? | Slate\" href=\"http:\/\/bliss.pro\/fracture\/?p=147\">Qui sont les 1 % fran\u00e7ais ?<\/a>\u00a0(Slate)<br \/>\n<a title=\"Paris School of Economics\" href=\"http:\/\/www.parisschoolofeconomics.eu\/\">Paris School of Economics<\/a><br \/>\n<a title=\"Poverty Action Lab\" href=\"http:\/\/www.povertyactionlab.org\/\">Poverty Action Lab (Esther Duflo)<\/a><br \/>\n<a title=\"PressEurope\" href=\"http:\/\/www.presseurop.eu\/\">PressEurop<\/a><br \/>\n<a title=\"Observatoire des in\u00e9galit\u00e9s\" href=\"http:\/\/www.inegalites.fr\/\">Observatoire des in\u00e9galit\u00e9s<\/a><br \/>\n<a title=\"ONPES\" href=\"http:\/\/www.onpes.gouv.fr\/\">Observatoire national de la pauvret\u00e9 et de l&rsquo;exclusion sociale<\/a> (ONPES)<br \/>\n<a title=\"Slate\" href=\"http:\/\/www.slate.fr\/\">Slate<\/a><br \/>\n<a title=\"Telos\" href=\"http:\/\/www.telos-eu.com\/\">Telos<\/a><br \/>\n<a title=\"Wealth on the WSJ\" href=\"http:\/\/www.talkingbiznews.com\/1\/cnbc-hires-frank-from-wsj\/\">Blog de Richard Frank<\/a> (\u00ab\u00a0Richistan\u00a0\u00bb)\u00a0(anciennement blogs.wsj.com\/wealth)<br \/>\n<a href=\"http:\/\/bliss.pro\/fracture\/wp-content\/uploads\/2013\/02\/8-Myths-About-The-Super-Rich-Business-Insider.pdf\">8 Myths About The Super Rich &#8211; Business Insider<\/a><\/p>\n","protected":false},"excerpt":{"rendered":"<p>Les 500 plus grandes fortunes fran\u00e7aises\u00a0(Challenges) INSEE La Vie des id\u00e9es Qui sont les 1 % fran\u00e7ais ?\u00a0(Slate) Paris School of Economics Poverty Action Lab (Esther Duflo) PressEurop Observatoire des in\u00e9galit\u00e9s Observatoire national de la pauvret\u00e9 et de l&rsquo;exclusion sociale (ONPES) Slate Telos Blog de Richard Frank (\u00ab\u00a0Richistan\u00a0\u00bb)\u00a0(anciennement blogs.wsj.com\/wealth) 8 Myths About The Super Rich [&hellip;]<\/p>\n","protected":false},"author":2,"featured_media":0,"parent":130,"menu_order":0,"comment_status":"closed","ping_status":"closed","template":"","meta":{"footnotes":""},"class_list":["post-126","page","type-page","status-publish","hentry"],"_links":{"self":[{"href":"http:\/\/bliss.pro\/fracture\/wp-json\/wp\/v2\/pages\/126","targetHints":{"allow":["GET"]}}],"collection":[{"href":"http:\/\/bliss.pro\/fracture\/wp-json\/wp\/v2\/pages"}],"about":[{"href":"http:\/\/bliss.pro\/fracture\/wp-json\/wp\/v2\/types\/page"}],"author":[{"embeddable":true,"href":"http:\/\/bliss.pro\/fracture\/wp-json\/wp\/v2\/users\/2"}],"replies":[{"embeddable":true,"href":"http:\/\/bliss.pro\/fracture\/wp-json\/wp\/v2\/comments?post=126"}],"version-history":[{"count":20,"href":"http:\/\/bliss.pro\/fracture\/wp-json\/wp\/v2\/pages\/126\/revisions"}],"predecessor-version":[{"id":2232,"href":"http:\/\/bliss.pro\/fracture\/wp-json\/wp\/v2\/pages\/126\/revisions\/2232"}],"up":[{"embeddable":true,"href":"http:\/\/bliss.pro\/fracture\/wp-json\/wp\/v2\/pages\/130"}],"wp:attachment":[{"href":"http:\/\/bliss.pro\/fracture\/wp-json\/wp\/v2\/media?parent=126"}],"curies":[{"name":"wp","href":"https:\/\/api.w.org\/{rel}","templated":true}]}}