{"id":1532,"date":"2013-10-14T01:45:29","date_gmt":"2013-10-13T23:45:29","guid":{"rendered":"http:\/\/bliss.pro\/fracture\/?page_id=1532"},"modified":"2013-11-07T17:47:05","modified_gmt":"2013-11-07T16:47:05","slug":"photos","status":"publish","type":"page","link":"http:\/\/bliss.pro\/fracture\/les-riches-ont-gagne-le-dernier-essai\/photos\/","title":{"rendered":"Photos"},"content":{"rendered":"<p>Les photos pr\u00e9sentes sur cette page sont t\u00e9l\u00e9chargeables et libres de droits.<\/p>\n<ul class=\"listeGalerie\">\n<li><a class=\"fancybox\" href=\"http:\/\/cles.com\/JLSS\/galerie\/jlss\/NEW\/JLSS-Raphaelle-PERCEVAL.jpg\" target=\"_blank\"><img loading=\"lazy\" decoding=\"async\" class=\"vignette\" alt=\"\" src=\"http:\/\/cles.com\/JLSS\/galerie\/jlss\/NEW\/v-JLSS-Raphaelle-PERCEVAL.jpg\" width=\"193\" height=\"250\" \/><\/a><br \/>\n\u00a9 Rapha\u00eblle Perceval<\/li>\n<li><a class=\"fancybox\" href=\"http:\/\/cles.com\/JLSS\/galerie\/jlss\/NEW\/JLSS-thierry-rateau.jpg\" target=\"_blank\"><img loading=\"lazy\" decoding=\"async\" class=\"vignette\" alt=\"\" src=\"http:\/\/cles.com\/JLSS\/galerie\/jlss\/NEW\/v-JLSS-thierry-rateau.jpg\" width=\"202\" height=\"250\" \/><\/a><br \/>\n\u00a9 Thierry Rateau<\/li>\n<li><a class=\"fancybox\" href=\"http:\/\/cles.com\/JLSS\/galerie\/jlss\/NEW\/JLSS-Arnaud-Meyer.jpeg\" target=\"_blank\"><img loading=\"lazy\" decoding=\"async\" class=\"vignette\" alt=\"\" src=\"http:\/\/cles.com\/JLSS\/galerie\/jlss\/NEW\/v-JLSS-Arnaud-Meyer.jpg\" width=\"198\" height=\"250\" \/><\/a><br \/>\n\u00a9 Arnaud Meyer<\/li>\n<li><a class=\"fancybox\" href=\"http:\/\/cles.com\/JLSS\/galerie\/jlss\/NEW\/JLSS.jpg\" target=\"_blank\"><img loading=\"lazy\" decoding=\"async\" class=\"vignette\" alt=\"\" src=\"http:\/\/cles.com\/JLSS\/galerie\/jlss\/NEW\/v-JLSS.jpg\" width=\"251\" height=\"250\" \/><\/a><\/li>\n<\/ul>\n","protected":false},"excerpt":{"rendered":"<p>Les photos pr\u00e9sentes sur cette page sont t\u00e9l\u00e9chargeables et libres de droits. \u00a9 Rapha\u00eblle Perceval \u00a9 Thierry Rateau \u00a9 Arnaud Meyer<\/p>\n","protected":false},"author":2,"featured_media":0,"parent":1565,"menu_order":0,"comment_status":"closed","ping_status":"closed","template":"page-templates\/full-width.php","meta":{"footnotes":""},"class_list":["post-1532","page","type-page","status-publish","hentry"],"_links":{"self":[{"href":"http:\/\/bliss.pro\/fracture\/wp-json\/wp\/v2\/pages\/1532","targetHints":{"allow":["GET"]}}],"collection":[{"href":"http:\/\/bliss.pro\/fracture\/wp-json\/wp\/v2\/pages"}],"about":[{"href":"http:\/\/bliss.pro\/fracture\/wp-json\/wp\/v2\/types\/page"}],"author":[{"embeddable":true,"href":"http:\/\/bliss.pro\/fracture\/wp-json\/wp\/v2\/users\/2"}],"replies":[{"embeddable":true,"href":"http:\/\/bliss.pro\/fracture\/wp-json\/wp\/v2\/comments?post=1532"}],"version-history":[{"count":15,"href":"http:\/\/bliss.pro\/fracture\/wp-json\/wp\/v2\/pages\/1532\/revisions"}],"predecessor-version":[{"id":1760,"href":"http:\/\/bliss.pro\/fracture\/wp-json\/wp\/v2\/pages\/1532\/revisions\/1760"}],"up":[{"embeddable":true,"href":"http:\/\/bliss.pro\/fracture\/wp-json\/wp\/v2\/pages\/1565"}],"wp:attachment":[{"href":"http:\/\/bliss.pro\/fracture\/wp-json\/wp\/v2\/media?parent=1532"}],"curies":[{"name":"wp","href":"https:\/\/api.w.org\/{rel}","templated":true}]}}