{"id":1540,"date":"2013-10-14T01:59:05","date_gmt":"2013-10-13T23:59:05","guid":{"rendered":"http:\/\/bliss.pro\/fracture\/?page_id=1540"},"modified":"2013-11-20T18:20:57","modified_gmt":"2013-11-20T17:20:57","slug":"pourquoi-les-riches-ont-gagne","status":"publish","type":"page","link":"http:\/\/bliss.pro\/fracture\/les-riches-ont-gagne-le-dernier-essai\/pourquoi-les-riches-ont-gagne\/","title":{"rendered":"Pourquoi ce livre"},"content":{"rendered":"<p><b>Le nouvel essai de\u00a0Jean-Louis Servan-Schreiber<\/b><\/p>\n<p>Cela sonne comme une \u00e9vidence secr\u00e8te\u00a0: les riches ont gagn\u00e9 et leur victoire ne suscite m\u00eame plus de pol\u00e9miques, sinon dans quelques r\u00e9unions \u00e9lectorales. C\u2019est un mouvement mondial, puisque les millionnaires se multiplient partout en ce d\u00e9but de si\u00e8cle. Ils sont d\u00e9j\u00e0 12\u00a0millions, dont 400\u00a0000 en France.<br \/>\nComment ont-ils su ainsi tirer parti \u00e0 la fois de la financiarisation de l\u2019\u00e9conomie, de la r\u00e9volution num\u00e9rique et de l\u2019incapacit\u00e9 des \u00c9tats, y compris les plus puissants, \u00e0 encadrer leur conqu\u00eate silencieuse et irr\u00e9sistible\u00a0?<br \/>\nApr\u00e8s \u00ab\u00a0Trop vite\u00a0!\u00a0\u00bb et \u00ab\u00a0Aimer (quand m\u00eame) le XXI<sup>e<\/sup> si\u00e8cle\u00a0\u00bb,\u00a0Jean-Louis Servan-Schreiber a men\u00e9 une enqu\u00eate in\u00e9dite pour prendre la mesure du ph\u00e9nom\u00e8ne et de ces retomb\u00e9es.\u00a0De son livre, volontairement concis et accessible, il ressort que\u00a0:<\/p>\n<ul>\n<li>Les riches sont les premiers b\u00e9n\u00e9ficiaires de la globalisation.<\/li>\n<li>Les r\u00e9mun\u00e9rations des grands patrons, des vedettes sportives et des artistes en vogue, ont tripl\u00e9 depuis le d\u00e9but du si\u00e8cle.<\/li>\n<li>Les Fran\u00e7ais ne d\u00e9testent pas les riches et souvent les admirent.<\/li>\n<li>Les gouvernements, de gauche comme de droite, ne peuvent plus s\u2019attaquer frontalement aux riches.<\/li>\n<li>Du fait de l\u2019appauvrissement des \u00c9tats, les riches sont amen\u00e9s \u00e0 jouer un r\u00f4le croissant dans les fonctionnements de nos soci\u00e9t\u00e9s modernes.<\/li>\n<li>Les riches poss\u00e8dent ou contr\u00f4lent les m\u00e9dias, aucune voix n\u2019est assez forte pour les contester.<\/li>\n<li>Mais les in\u00e9galit\u00e9s s\u2019accroissent partout (un peu moins en France) du fait d\u2019une v\u00e9ritable s\u00e9cession des riches.<\/li>\n<li>La valeur argent est devenu la seule r\u00e9f\u00e9rence mondiale dont les riches sont les h\u00e9ros. Le veau d\u2019or est revenu.<\/li>\n<\/ul>\n<p>Dans son dernier essai, Jean-Louis Servan-Schreiber ne d\u00e9fend pas une th\u00e8se et \u00e9vite les r\u00e9f\u00e9rences partisanes habituelles. Journaliste, il observe et d\u00e9crit un v\u00e9ritable bouleversement, qui aura des cons\u00e9quences dans la vie de chacun. Nul doute que ses observations susciteront d\u2019intenses d\u00e9bats.<\/p>\n<p>D\u00e9couvrez un <a title=\"Bonnes feuilles\" href=\"http:\/\/bliss.pro\/fracture\/les-riches-ont-gagne-le-dernier-essai\/pourquoi-les-riches-ont-gagne\/bonnes-feuilles\/\">extrait du livre<\/a>, ainsi qu&rsquo;un <a title=\"Extrait de la conclusion\" href=\"http:\/\/bliss.pro\/fracture\/les-riches-ont-gagne-le-dernier-essai\/pourquoi-les-riches-ont-gagne\/extrait-de-la-conclusion\/\">extrait de la conclusion<\/a>.<\/p>\n","protected":false},"excerpt":{"rendered":"<p>Le nouvel essai de\u00a0Jean-Louis Servan-Schreiber Cela sonne comme une \u00e9vidence secr\u00e8te\u00a0: les riches ont gagn\u00e9 et leur victoire ne suscite m\u00eame plus de pol\u00e9miques, sinon dans quelques r\u00e9unions \u00e9lectorales. C\u2019est un mouvement mondial, puisque les millionnaires se multiplient partout en ce d\u00e9but de si\u00e8cle. Ils sont d\u00e9j\u00e0 12\u00a0millions, dont 400\u00a0000 en France. Comment ont-ils su [&hellip;]<\/p>\n","protected":false},"author":2,"featured_media":0,"parent":1565,"menu_order":0,"comment_status":"closed","ping_status":"closed","template":"","meta":{"footnotes":""},"class_list":["post-1540","page","type-page","status-publish","hentry"],"_links":{"self":[{"href":"http:\/\/bliss.pro\/fracture\/wp-json\/wp\/v2\/pages\/1540","targetHints":{"allow":["GET"]}}],"collection":[{"href":"http:\/\/bliss.pro\/fracture\/wp-json\/wp\/v2\/pages"}],"about":[{"href":"http:\/\/bliss.pro\/fracture\/wp-json\/wp\/v2\/types\/page"}],"author":[{"embeddable":true,"href":"http:\/\/bliss.pro\/fracture\/wp-json\/wp\/v2\/users\/2"}],"replies":[{"embeddable":true,"href":"http:\/\/bliss.pro\/fracture\/wp-json\/wp\/v2\/comments?post=1540"}],"version-history":[{"count":19,"href":"http:\/\/bliss.pro\/fracture\/wp-json\/wp\/v2\/pages\/1540\/revisions"}],"predecessor-version":[{"id":1833,"href":"http:\/\/bliss.pro\/fracture\/wp-json\/wp\/v2\/pages\/1540\/revisions\/1833"}],"up":[{"embeddable":true,"href":"http:\/\/bliss.pro\/fracture\/wp-json\/wp\/v2\/pages\/1565"}],"wp:attachment":[{"href":"http:\/\/bliss.pro\/fracture\/wp-json\/wp\/v2\/media?parent=1540"}],"curies":[{"name":"wp","href":"https:\/\/api.w.org\/{rel}","templated":true}]}}