{"id":1560,"date":"2013-10-14T08:57:38","date_gmt":"2013-10-14T06:57:38","guid":{"rendered":"http:\/\/bliss.pro\/fracture\/?page_id=1560"},"modified":"2014-09-16T15:47:24","modified_gmt":"2014-09-16T13:47:24","slug":"documentation","status":"publish","type":"page","link":"http:\/\/bliss.pro\/fracture\/les-riches-ont-gagne-le-dernier-essai\/documentation\/","title":{"rendered":"Les documents"},"content":{"rendered":"<p>Pour la premi\u00e8re fois, Jean-Louis Servan-Schreiber souhaite mettre l&rsquo;int\u00e9gralit\u00e9 de la documentation qu&rsquo;il a rassembl\u00e9e \u00e0 la disposition de tous les lecteurs de son nouvel essai \u00ab\u00a0Pourquoi les riches ont gagn\u00e9\u00a0\u00bb. Ceux-ci y trouveront tous les arguments utiles au d\u00e9bat que ses r\u00e9flexions ne manqueront pas de susciter.<\/p>\n<p>Pour mener \u00e0 bien son enqu\u00eate sur la victoire des riches dans le monde, il s&rsquo;est appuy\u00e9 sur une <a title=\"Bibliographie\" href=\"http:\/\/bliss.pro\/fracture\/les-riches-ont-gagne-le-dernier-essai\/documentation\/bibliographie\/\">bibliographie<\/a>\u00a0constitu\u00e9e de plus d&rsquo;une vingtaine d&rsquo;ouvrages (dont certains ont fait l&rsquo;objet d&rsquo;une fiche de lecture accessible depuis la bibliographie), et de pr\u00e8s de 200 articles de la presse fran\u00e7aise et anglo-saxonne, et\u00a0compl\u00e9t\u00e9e par une\u00a0<a title=\"Filmographie\" href=\"http:\/\/bliss.pro\/fracture\/les-riches-ont-gagne-le-dernier-essai\/documentation\/filmographie\/\">filmographie<\/a>\u00a0d&rsquo;une dizaine de films.<\/p>\n<p>Les articles de la presse sont accessibles en cliquant sur l&rsquo;un des mots-cl\u00e9s dans le nuage \u00e0 droite, ou en rentrant un mot, un nom de personnalit\u00e9 ou un concept dans la bo\u00eete de recherche, en haut \u00e0 droite.<\/p>\n<p>Enfin, la recherche a \u00e9t\u00e9 aussi enrichie par la fr\u00e9quentation de <a title=\"Sites sp\u00e9cialis\u00e9s\" href=\"http:\/\/bliss.pro\/fracture\/bienvenue\/liens-utiles\/\">plusieurs sites sp\u00e9cialis\u00e9s<\/a>\u00a0dans l&rsquo;analyse de la richesse et des in\u00e9galit\u00e9s, et plus largement de l&rsquo;\u00e9conomie.<\/p>\n<p>\u2022\u00a0<a title=\"Bibliographie\" href=\"http:\/\/bliss.pro\/fracture\/les-riches-ont-gagne-le-dernier-essai\/documentation\/bibliographie\/\">Bibliographie<\/a><br \/>\n\u2022\u00a0<a title=\"Filmographie\" href=\"http:\/\/bliss.pro\/fracture\/les-riches-ont-gagne-le-dernier-essai\/documentation\/filmographie\/\">Filmographie<\/a><br \/>\n\u2022\u00a0<a title=\"Sites sp\u00e9cialis\u00e9s\" href=\"http:\/\/bliss.pro\/fracture\/bienvenue\/liens-utiles\/\">Sites sp\u00e9cialis\u00e9s<\/a><br \/>\n\u2022\u00a0<a title=\"Articles\" href=\"http:\/\/bliss.pro\/fracture\/category\/articles\/\">Articles<\/a><\/p>\n","protected":false},"excerpt":{"rendered":"<p>Pour la premi\u00e8re fois, Jean-Louis Servan-Schreiber souhaite mettre l&rsquo;int\u00e9gralit\u00e9 de la documentation qu&rsquo;il a rassembl\u00e9e \u00e0 la disposition de tous les lecteurs de son nouvel essai \u00ab\u00a0Pourquoi les riches ont gagn\u00e9\u00a0\u00bb. Ceux-ci y trouveront tous les arguments utiles au d\u00e9bat que ses r\u00e9flexions ne manqueront pas de susciter. Pour mener \u00e0 bien son enqu\u00eate sur [&hellip;]<\/p>\n","protected":false},"author":2,"featured_media":0,"parent":1565,"menu_order":0,"comment_status":"closed","ping_status":"closed","template":"","meta":{"footnotes":""},"class_list":["post-1560","page","type-page","status-publish","hentry"],"_links":{"self":[{"href":"http:\/\/bliss.pro\/fracture\/wp-json\/wp\/v2\/pages\/1560","targetHints":{"allow":["GET"]}}],"collection":[{"href":"http:\/\/bliss.pro\/fracture\/wp-json\/wp\/v2\/pages"}],"about":[{"href":"http:\/\/bliss.pro\/fracture\/wp-json\/wp\/v2\/types\/page"}],"author":[{"embeddable":true,"href":"http:\/\/bliss.pro\/fracture\/wp-json\/wp\/v2\/users\/2"}],"replies":[{"embeddable":true,"href":"http:\/\/bliss.pro\/fracture\/wp-json\/wp\/v2\/comments?post=1560"}],"version-history":[{"count":23,"href":"http:\/\/bliss.pro\/fracture\/wp-json\/wp\/v2\/pages\/1560\/revisions"}],"predecessor-version":[{"id":2293,"href":"http:\/\/bliss.pro\/fracture\/wp-json\/wp\/v2\/pages\/1560\/revisions\/2293"}],"up":[{"embeddable":true,"href":"http:\/\/bliss.pro\/fracture\/wp-json\/wp\/v2\/pages\/1565"}],"wp:attachment":[{"href":"http:\/\/bliss.pro\/fracture\/wp-json\/wp\/v2\/media?parent=1560"}],"curies":[{"name":"wp","href":"https:\/\/api.w.org\/{rel}","templated":true}]}}