{"id":16,"date":"2013-01-28T00:20:24","date_gmt":"2013-01-27T23:20:24","guid":{"rendered":"http:\/\/bliss.pro\/fracture\/?page_id=16"},"modified":"2014-01-06T17:22:29","modified_gmt":"2014-01-06T16:22:29","slug":"bibliographie","status":"publish","type":"page","link":"http:\/\/bliss.pro\/fracture\/les-riches-ont-gagne-le-dernier-essai\/documentation\/bibliographie\/","title":{"rendered":"Bibliographie"},"content":{"rendered":"<p><strong>BIBLIOGRAPHIE AYANT FAIT L&rsquo;OBJET DE FICHES DE LECTURE<\/strong><br \/>\nLes liens sur les titres conduisent vers les <strong>fiches de lecture<\/strong>.<br \/>\n\u2022 <a title=\"Fiche de lecture \u2013 \u00c0 quoi servent les riches ?\" href=\"http:\/\/bliss.pro\/fracture\/fiche-de-lecture-a-quoi-servent-les-riches\/\">\u2018\u00c0 quoi servent les riches ?\u2019<\/a>, Jean-Philippe Delsol, Nicolas Lecaussin, \u00c9d. Jean-Claude Latt\u00e8s, 2012, 240 p.<br \/>\n\u2022 <a title=\"Fiche de lecture \u2013 Deux g\u00e9n\u00e9rations dans la d\u00e9bine\" href=\"http:\/\/bliss.pro\/fracture\/fiche-de-lecture-deux-generations-dans-la-debine\/\">\u2018Deux g\u00e9n\u00e9rations dans la d\u00e9bine\u2019<\/a>, Jean-Fran\u00e7ois La\u00e9, Numa Murard, Bayard, 2012, 430 p.<br \/>\n\u2022\u00a0<a title=\"Fiche de lecture \u2013 La peur du d\u00e9classement\" href=\"http:\/\/bliss.pro\/fracture\/fiche-de-lecture-la-peur-du-declassement\/\">\u2018La peur du d\u00e9classement\u2019<\/a>, \u00c9ric Maurin, Seuil, coll. La R\u00e9publique des id\u00e9es, 2009, 100 p.<br \/>\n\u2022\u00a0<a title=\"Fiche de lecture \u2013 Le nouvel \u00e2ge de la solidarit\u00e9\" href=\"http:\/\/bliss.pro\/fracture\/fiche-de-lecture-le-nouvel-age-de-la-solidarite\/\">\u2018Le nouvel \u00e2ge de la solidarit\u00e9\u2019<\/a>, Nicolas Duvoux, Seuil, coll. La R\u00e9publique des id\u00e9es, 2011, 180 p.<br \/>\n\u2022\u00a0<a title=\"Fiche de lecture \u2013 Le temps des riches. Anatomie d\u2019une s\u00e9cession\" href=\"http:\/\/bliss.pro\/fracture\/fiche-de-lecture-le-temps-des-riches-anatomie-dune-secession\/\">\u2018Le Temps des riches. Anatomie d\u2019une s\u00e9cession\u2019<\/a>, Thierry Pech, Seuil, 2011, 180 p.<br \/>\n\u2022 <a title=\"Fiche de lecture \u2013 Les religions et le luxe\" href=\"http:\/\/bliss.pro\/fracture\/fiche-de-lecture-les-religions-et-le-luxe\/\">\u2018Les religions et le luxe\u2019<\/a>, Pascal Morand, IFM \/ Regard, 2012, 250 p.<br \/>\n\u2022 <a title=\"Fiche de lecture \u2013 Plutocrats. The rise of the new global surper-rich and the fall of everyone else\" href=\"http:\/\/bliss.pro\/fracture\/fiche-de-lecture-plutocrats-the-rise-of-the-new-global-surper-rich-and-the-fall-of-everyone-else\/\">\u2018Plutocrats. The rise of the new global surper-rich and the fall of everyone else\u2019<\/a>, Chrystia Freeland, 2012, 340 p.<br \/>\n\u2022 <a title=\"Fiche de lecture \u2013 Repenser la pauvret\u00e9\" href=\"http:\/\/bliss.pro\/fracture\/fiche-de-lecture-repenser-la-pauvrete\/\">\u2018Repenser la pauvret\u00e9\u2019<\/a>, Esther Duflo, Abhijit V. Banerjee, Seuil, 2012, 430 p.<br \/>\n\u2022 <a title=\"Fiche de lecture \u2013 Richistan. A Journey Through the American Wealth Boom and the Lives of the New Rich\" href=\"http:\/\/bliss.pro\/fracture\/fiche-de-lecture-richistan-a-journey-through-the-american-wealth-boom-and-the-lives-of-the-new-rich\/\">\u2018Richistan. A Journey Through the American Wealth Boom and the Lives of the New Rich\u2019<\/a>, Robert Frank, 2007, 300 p.<br \/>\n\u2022 <a title=\"Fiche de lecture \u2013 Une poign\u00e9e de riches\" href=\"http:\/\/bliss.pro\/fracture\/fiche-de-lecture-une-poignee-de-riches\/\">\u2018Une poign\u00e9e de riches, des milliards de pauvres\u2019<\/a>, Philippe Godard, Syros, 2012, 170 p.<br \/>\n\u2022 <a title=\"Fiche de lecture \u2013 Voyage au pays des ultra-riches\" href=\"http:\/\/bliss.pro\/fracture\/fiche-de-lecture-voyage-au-pays-des-ultra-riches\/\">\u2018Voyage au pays des ultra-riches\u2019<\/a>, Aymeric Mantoux, Flammarion, 2010, 300 p.<\/p>\n<p><strong>BIBLIOGRAPHIE COMPL\u00c9MENTAIRE<\/strong><br \/>\n\u2022 &lsquo;Cela devient cher d&rsquo;\u00eatre pauvre&rsquo;, Martin Hirsch, Stock, 2013, 180 p.<br \/>\n\u2022\u00a0\u2018Discours sur l\u2019origine et les fondements de l\u2019in\u00e9galit\u00e9 parmi les hommes\u2019, Jean-Jacques Rousseau, Flammarion, 2012, 302\u00a0p.<br \/>\n\u2022 &lsquo;Homo Economicus, proph\u00e8te (\u00e9gar\u00e9) des temps nouveaux&rsquo;, Daniel Cohen, Albin Michel, 2012, 280 p.<br \/>\n\u2022 \u2018L\u2019argent sans foi ni loi\u2019, Michel Pin\u00e7on et Monique Pin\u00e7on-Charlot, Textuel, 2012, 100 p.<br \/>\n\u2022 \u2018La mondialisation de l\u2019in\u00e9galit\u00e9\u2019, Fran\u00e7ois Bourguignon, La R\u00e9publique des id\u00e9es, Seuil, 2012, 103 p.\u2022 &lsquo;Le quai de Ouistreham&rsquo;, Florence Aubenas, Editions de l&rsquo;Olivier, 2010, 269 p.<br \/>\n\u2022 &lsquo;La soci\u00e9t\u00e9 des \u00e9gaux&rsquo;, Pierre Rosanvallon, Seuil, 2011, 428 p.<br \/>\n\u2022 &lsquo;La violence des riches&rsquo;,\u00a0Michel Pin\u00e7on et Monique Pin\u00e7on-Charlot, Zones, 2013, 252 p.<br \/>\n\u2022 &lsquo;Le Capital au XXIe\u00a0si\u00e8cle&rsquo;, Thomas Piketty, Seuil, 2013, 976 p.<br \/>\n\u2022 &lsquo;Le myst\u00e8re fran\u00e7ais&rsquo;, Herv\u00e9 Le Bras, Emmanuel Todd, Seuil, 2013, 321 p.<br \/>\n\u2022 World Wealth Report 2013, Capgemini et RBC Wealth Management.<\/p>\n<p><b>PRESSE<\/b><br \/>\n<strong>Quotidiens :<\/strong> Financial Times, Le Monde, Le Figaro, Lib\u00e9ration, Les Echos, The New York Times.<br \/>\n<strong>Hebdomadaires et mensuels :<\/strong> The Atlantic, Challenges, L\u2019Express, Le Nouvel Observateur, The Economist, Alternatives \u00e9conomiques, Enjeux Les Echos.<br \/>\n<a title=\"True Progressivism | The Economist\" href=\"http:\/\/bliss.pro\/fracture\/?p=181\">Dossier sp\u00e9cial In\u00e9galit\u00e9s<\/a>\u00a0dans\u00a0<em>The Economist<\/em>.<br \/>\nExtraits du hors-s\u00e9rie d&rsquo;<em>Alternatives \u00e9conomiques<\/em>\u00a0sur\u00a0<a title=\"Les in\u00e9galit\u00e9s en France | Alternatives \u00e9conomiques\" href=\"http:\/\/bliss.pro\/fracture\/?p=766\">les in\u00e9galit\u00e9s en France<\/a>.<\/p>\n","protected":false},"excerpt":{"rendered":"<p>BIBLIOGRAPHIE AYANT FAIT L&rsquo;OBJET DE FICHES DE LECTURE Les liens sur les titres conduisent vers les fiches de lecture. \u2022 \u2018\u00c0 quoi servent les riches ?\u2019, Jean-Philippe Delsol, Nicolas Lecaussin, \u00c9d. Jean-Claude Latt\u00e8s, 2012, 240 p. \u2022 \u2018Deux g\u00e9n\u00e9rations dans la d\u00e9bine\u2019, Jean-Fran\u00e7ois La\u00e9, Numa Murard, Bayard, 2012, 430 p. \u2022\u00a0\u2018La peur du d\u00e9classement\u2019, \u00c9ric [&hellip;]<\/p>\n","protected":false},"author":2,"featured_media":0,"parent":1560,"menu_order":0,"comment_status":"closed","ping_status":"closed","template":"","meta":{"footnotes":""},"class_list":["post-16","page","type-page","status-publish","hentry"],"_links":{"self":[{"href":"http:\/\/bliss.pro\/fracture\/wp-json\/wp\/v2\/pages\/16","targetHints":{"allow":["GET"]}}],"collection":[{"href":"http:\/\/bliss.pro\/fracture\/wp-json\/wp\/v2\/pages"}],"about":[{"href":"http:\/\/bliss.pro\/fracture\/wp-json\/wp\/v2\/types\/page"}],"author":[{"embeddable":true,"href":"http:\/\/bliss.pro\/fracture\/wp-json\/wp\/v2\/users\/2"}],"replies":[{"embeddable":true,"href":"http:\/\/bliss.pro\/fracture\/wp-json\/wp\/v2\/comments?post=16"}],"version-history":[{"count":41,"href":"http:\/\/bliss.pro\/fracture\/wp-json\/wp\/v2\/pages\/16\/revisions"}],"predecessor-version":[{"id":1906,"href":"http:\/\/bliss.pro\/fracture\/wp-json\/wp\/v2\/pages\/16\/revisions\/1906"}],"up":[{"embeddable":true,"href":"http:\/\/bliss.pro\/fracture\/wp-json\/wp\/v2\/pages\/1560"}],"wp:attachment":[{"href":"http:\/\/bliss.pro\/fracture\/wp-json\/wp\/v2\/media?parent=16"}],"curies":[{"name":"wp","href":"https:\/\/api.w.org\/{rel}","templated":true}]}}