{"id":1601,"date":"2013-10-14T09:46:05","date_gmt":"2013-10-14T07:46:05","guid":{"rendered":"http:\/\/bliss.pro\/fracture\/?page_id=1601"},"modified":"2013-10-22T17:58:45","modified_gmt":"2013-10-22T15:58:45","slug":"bonnes-feuilles","status":"publish","type":"page","link":"http:\/\/bliss.pro\/fracture\/les-riches-ont-gagne-le-dernier-essai\/pourquoi-les-riches-ont-gagne\/bonnes-feuilles\/","title":{"rendered":"Bonnes feuilles"},"content":{"rendered":"<p><strong>Extrait du chapitre\u00a0\u00ab\u00a0Les riches ont gagn\u00e9\u00a0\u00bb<\/strong><\/p>\n<p>\u00ab\u00a0Les riches ont gagn\u00e9, mais quels riches\u00a0? Tous ceux qui, dans un pays comme la France gagnent 6000 euros nets par mois et plus\u00a0? (montant \u00e0 partir duquel les Fran\u00e7ais, interrog\u00e9s en 2013 par Challenges, situent la richesse). Ou ceux qui poss\u00e8dent 1 million de patrimoine\u00a0? Ou les tr\u00e8s riches (10 millions)\u00a0? Ou les hyper riches, ce 0,1% de la population qui nourrit, \u00e0 la fois les fantasmes des plus modestes, les tirages des magazines people et l\u2019imagination fiscale des gouvernants \u00e0 la recherche de symboles politiques d\u2019\u00e9quit\u00e9\u00a0?<br \/>\nM\u00eame s\u2019ils ne constituent pas ensemble une cat\u00e9gorie sociologique homog\u00e8ne, m\u00eame s\u2019ils ne vivent pas de la m\u00eame mani\u00e8re, ni n\u2019ont les m\u00eames priorit\u00e9s, ils ont en commun de ne pas conna\u00eetre les pesanteurs et les difficult\u00e9s mat\u00e9rielles auxquelles se mesurent au jour le jour 99% des autres citoyens. Eux-m\u00eames et leurs enfants ont acc\u00e8s \u00e0 ce qu\u2019une soci\u00e9t\u00e9 moderne offre de plus confortable, de plus divertissant, de plus succulent, de plus exotique, esth\u00e9tique ou novateur. Ils sont mieux conseill\u00e9s, mieux prot\u00e9g\u00e9s, mieux soign\u00e9s, mieux \u00e9duqu\u00e9s. C\u2019est pour eux que semble avoir \u00e9t\u00e9 formul\u00e9e l\u2019expression anglaise,\u00a0\u00ab\u00a0<i>The best of everything\u00a0<\/i>\u00bb.\u00a0Certes \u00e7a ne les emp\u00eache pas de conna\u00eetre les duret\u00e9s de l\u2019existence, ni d\u2019\u00e9chapper aux dilemmes ou aux conflits de tout mortel. Mais leur bulle est climatis\u00e9e.<br \/>\nEn majorit\u00e9, ce ne sont pas des nantis paresseux ni des parasites de la modernit\u00e9. La plupart agissent, produisent et d\u2019efforcent de maintenir ou d\u00e9velopper leurs actifs. Beaucoup m\u00eame se plaignent de consacrer tant de temps \u00e0 ce qui les rend riches, qu\u2019ils n\u2019en ont gu\u00e8re pour profiter du r\u00e9sultat de leurs efforts. Ils jouent plut\u00f4t, dans notre soci\u00e9t\u00e9 un r\u00f4le de mod\u00e8le enviable que de repoussoir ou d\u2019adversaire. C\u2019est peut-\u00eatre en cela qu\u2019ils ont gagn\u00e9, sans avoir men\u00e9 de guerre ni foment\u00e9 de r\u00e9volte. Pourquoi un tel succ\u00e8s qui ne para\u00eet ni pr\u00e9caire, ni s\u00e9rieusement contest\u00e9\u00a0?<br \/>\nPour des raisons conjoncturelles, polico-historiques et du fait aussi de leur propre comportement. Nous les avons abord\u00e9s sous diff\u00e9rents aspects, au long de cet essai, mais il est temps de les r\u00e9sumer, comme un faisceau d\u2019indices ou de preuves.<br \/>\n[&#8230;]<br \/>\n&#8211; La richesse n\u2019est pas une simple retomb\u00e9e du progr\u00e8s \u00e9conomique. Elle fructifie aussi au croisement des deux valeurs cl\u00e9s de ce nouveau si\u00e8cle\u00a0: l\u2019individualisme et le culte de l\u2019argent. Les h\u00e9ros contemporains ne sont ni politiques, ni militaires, ni religieux, ni m\u00eame savants. Ils sont sportifs, acteurs et artistes, entrepreneurs \u00e0 succ\u00e8s.<br \/>\n<strong>Les h\u00e9ros sont bien pay\u00e9s et deviennent riches.<\/strong><br \/>\n&#8211; La mis\u00e8re, recule enfin dans le monde. Elle \u00e9tait dominante il y encore un demi-si\u00e8cle\u00a0; la croissance est rapidement en train de la marginaliser, laissant la place \u00e0 une immense classe moyenne qui peuplera la plan\u00e8te ce si\u00e8cle durant. Il en r\u00e9sulte une atmosph\u00e8re plus propice \u00e0 la richesse. Il semble plus l\u00e9gitime de prosp\u00e9rer si d\u2019autres ne meurent pas de faim \u00e0 proximit\u00e9.<br \/>\n<strong>Le ressentiment \u00e0 l\u2019encontre de la richesse s\u2019att\u00e9nue.<\/strong><br \/>\n&#8211; Les \u00c9tats de toutes tendances ferraillent avec les riches, mais n\u2019ont pas les moyens de leur faire la guerre. Car le casse-t\u00eate politique premier est le ch\u00f4mage. Or ce sont les riches qui cr\u00e9ent les emplois. Le pire pour un responsable politique serait de d\u00e9clencher une gr\u00e8ve, pire un exode des employeurs. Il y a connivence de fait entre les gouvernements et les riches, qui ont mutuellement besoin les uns des autres.<br \/>\n<strong>On ne peut pas se passer des riches quand on est au pouvoir.<\/strong>&#8211; Certains riches ont pu r\u00e9ussir en politique, comme Michael Bloomberg ou Silvio Berlusconi, mais ce sont des exceptions. Car d\u2019instinct les riches ont compris combien la d\u00e9tention publique du pouvoir est p\u00e9rilleuse et provisoire. Ils savent qu\u2019il suffit de l\u2019infiltrer pour en obtenir ce qui leur est n\u00e9cessaire. La vuln\u00e9rabilit\u00e9 des politiciens face aux riches, c\u2019est que la politique co\u00fbte cher et que la plupart des candidats \u00e0 l\u2019\u00e9lection ne disposent pas de moyens personnels. Les scandales financiers qui \u00e9maillent la vie politique, portent sur des sommes d\u00e9risoires en comparaison avec les vraies fortunes. Quand un politique dissimule 600.000 euros sa carri\u00e8re est fichue. Quand un riche a fraud\u00e9 sur 6 millions, il trouve discr\u00e8tement un compromis financier avec l\u2019administration.<br \/>\n<strong>Les riches laissent les d\u00e9tenteurs officiels du pouvoir prendre les risques.\u00a0Ils se contentent de les influencer. Ils savent qu\u2019on peut rester plus longtemps riche qu\u2019\u00e9lu.<\/strong>\u00a0\u00bb<\/p>\n","protected":false},"excerpt":{"rendered":"<p>Extrait du chapitre\u00a0\u00ab\u00a0Les riches ont gagn\u00e9\u00a0\u00bb \u00ab\u00a0Les riches ont gagn\u00e9, mais quels riches\u00a0? Tous ceux qui, dans un pays comme la France gagnent 6000 euros nets par mois et plus\u00a0? (montant \u00e0 partir duquel les Fran\u00e7ais, interrog\u00e9s en 2013 par Challenges, situent la richesse). Ou ceux qui poss\u00e8dent 1 million de patrimoine\u00a0? Ou les tr\u00e8s [&hellip;]<\/p>\n","protected":false},"author":2,"featured_media":0,"parent":1540,"menu_order":0,"comment_status":"closed","ping_status":"closed","template":"","meta":{"footnotes":""},"class_list":["post-1601","page","type-page","status-publish","hentry"],"_links":{"self":[{"href":"http:\/\/bliss.pro\/fracture\/wp-json\/wp\/v2\/pages\/1601","targetHints":{"allow":["GET"]}}],"collection":[{"href":"http:\/\/bliss.pro\/fracture\/wp-json\/wp\/v2\/pages"}],"about":[{"href":"http:\/\/bliss.pro\/fracture\/wp-json\/wp\/v2\/types\/page"}],"author":[{"embeddable":true,"href":"http:\/\/bliss.pro\/fracture\/wp-json\/wp\/v2\/users\/2"}],"replies":[{"embeddable":true,"href":"http:\/\/bliss.pro\/fracture\/wp-json\/wp\/v2\/comments?post=1601"}],"version-history":[{"count":8,"href":"http:\/\/bliss.pro\/fracture\/wp-json\/wp\/v2\/pages\/1601\/revisions"}],"predecessor-version":[{"id":1658,"href":"http:\/\/bliss.pro\/fracture\/wp-json\/wp\/v2\/pages\/1601\/revisions\/1658"}],"up":[{"embeddable":true,"href":"http:\/\/bliss.pro\/fracture\/wp-json\/wp\/v2\/pages\/1540"}],"wp:attachment":[{"href":"http:\/\/bliss.pro\/fracture\/wp-json\/wp\/v2\/media?parent=1601"}],"curies":[{"name":"wp","href":"https:\/\/api.w.org\/{rel}","templated":true}]}}