{"id":1605,"date":"2013-10-14T09:49:13","date_gmt":"2013-10-14T07:49:13","guid":{"rendered":"http:\/\/bliss.pro\/fracture\/?page_id=1605"},"modified":"2013-10-14T13:56:37","modified_gmt":"2013-10-14T11:56:37","slug":"extrait-de-la-conclusion","status":"publish","type":"page","link":"http:\/\/bliss.pro\/fracture\/les-riches-ont-gagne-le-dernier-essai\/pourquoi-les-riches-ont-gagne\/extrait-de-la-conclusion\/","title":{"rendered":"Extrait de la conclusion"},"content":{"rendered":"<p><strong>Extrait de la conclusion<\/strong><\/p>\n<p>\u00ab\u00a0Je fais partie de ceux qui estiment que le lecteur est en droit, s\u2019il en a la curiosit\u00e9, de disposer de quelques \u00e9l\u00e9ments sur quiconque lui propose une interpr\u00e9tation d\u2019un ph\u00e9nom\u00e8ne de soci\u00e9t\u00e9 actuel. Un sujet comme riches et pauvres, remue en chacun sa sensibilit\u00e9, ses opinions, souvent ses r\u00e9flexes conditionn\u00e9s. Voici donc quelques informations plus personnelles.<br \/>\nJe suis journaliste et essayiste et n\u2019ai exerc\u00e9 que ce m\u00e9tier. Lequel consiste \u00e0 rapporter et tenter d\u2019expliquer, les faits et leurs cons\u00e9quences. Je sais que l\u2019objectivit\u00e9 est un leurre, mais je crois \u00e0 l\u2019honn\u00eatet\u00e9 et \u00e0 la tol\u00e9rance dans cet exercice. Les gens ne sont jamais noirs ou blancs et c\u2019est pr\u00e9cis\u00e9ment \u00e7a qui m\u2019int\u00e9resse. Je ne me sens donc pas oblig\u00e9 de prendre une position sur tout, avant d\u2019avoir au pr\u00e9alable inform\u00e9.<br \/>\nJe fais aussi partie des privil\u00e9gi\u00e9s de ce pays. Mon seul h\u00e9ritage, mais d\u00e9cisif est d\u2019avoir eu acc\u00e8s aux bonnes \u00e9coles, au sein d\u2019une famille unie et tol\u00e9rante, o\u00f9 l\u2019on parlait volontiers \u00e0 table des affaires du monde et de l\u2019avenir. Puis j\u2019ai eu la chance d\u2019avoir envie d\u2019entreprendre dans un m\u00e9tier qui, alors \u00e9tait en plein essor, la presse magazine. J\u2019ai cr\u00e9\u00e9, relanc\u00e9, c\u00e9d\u00e9 et repris de nombreux titres, qui ont ainsi pris de la valeur. Ce qui m\u2019a assur\u00e9 confort et bien-\u00eatre pour les miens et ma s\u00e9curit\u00e9 mat\u00e9rielle. Ce faisant j\u2019ai cr\u00e9\u00e9 chaque ann\u00e9e des emplois, j\u2019ai aussi affront\u00e9, rarement la n\u00e9cessit\u00e9 de fermer un titre qui me semblait condamn\u00e9 au d\u00e9ficit, avec des licenciements \u00e0 la cl\u00e9. J\u2019ai toujours \u00e9t\u00e9 patron de presse et j\u2019ai aim\u00e9 le faire. L\u2019industrie ou la finance m\u2019auraient beaucoup ennuy\u00e9, j\u2019ai donc eu la chance de gagner ma vie avec ce qui m\u2019int\u00e9ressait\u00a0: comprendre mon \u00e9poque. Depuis trente ans j\u2019\u00e9cris des livres pour essayer d\u2019y contribuer\u00a0? Tout ce que j\u2019ai pu ainsi construire est le r\u00e9sultat de mon seul travail.<br \/>\nJe vote \u00e0 gauche, ce qui me semble un minimum pour un b\u00e9n\u00e9ficiaire du syst\u00e8me. J\u2019ai \u00e9t\u00e9 tent\u00e9, par la politique, par r\u00e9flexe familial, mais je n\u2019y suis pas all\u00e9, car j\u2019avais compris qu\u2019alors je perdrais ma libert\u00e9 d\u2019expression. Aujourd\u2019hui je n\u2019ai pas une bonne opinion de la politique, que j\u2019ai vue se r\u00e9duire \u00e0 un jeu \u00e9lectoral. La d\u00e9mocratie r\u00e9publicaine me semble une machine vieillie au rendement d\u00e9cevant. Mais quand j\u2019observe ce qui se passe autour du monde, je mesure ma chance d\u2019\u00eatre citoyen europ\u00e9en, libre de m\u2019exprimer et prot\u00e9g\u00e9 par les lois. J\u2019ai la hantise de l\u2019arbitraire et de la violence. Si l\u2019on me soup\u00e7onne de mod\u00e9ration et de r\u00e9formisme, je ne me d\u00e9fendrai pas.<br \/>\nMon militantisme personnel est plus inspir\u00e9 par la d\u00e9fense des droits humains, aujourd\u2019hui mis en cause ou attaqu\u00e9s tout autour de la plan\u00e8te. J\u2019occupe des fonctions de soutien et responsabilit\u00e9 dans une ONG internationale, qui se fixe de rassembler partout les faits \u00e0 cet \u00e9gard, de les faire conna\u00eetre et de les d\u00e9noncer. Une prolongation naturelle et de plus en plus n\u00e9cessaire de mon m\u00e9tier de journaliste. Sur la d\u00e9fense des droits humains, j\u2019avoue et j\u2019affiche mon parti-pris.\u00a0\u00bb<\/p>\n","protected":false},"excerpt":{"rendered":"<p>Extrait de la conclusion \u00ab\u00a0Je fais partie de ceux qui estiment que le lecteur est en droit, s\u2019il en a la curiosit\u00e9, de disposer de quelques \u00e9l\u00e9ments sur quiconque lui propose une interpr\u00e9tation d\u2019un ph\u00e9nom\u00e8ne de soci\u00e9t\u00e9 actuel. Un sujet comme riches et pauvres, remue en chacun sa sensibilit\u00e9, ses opinions, souvent ses r\u00e9flexes conditionn\u00e9s. [&hellip;]<\/p>\n","protected":false},"author":2,"featured_media":0,"parent":1540,"menu_order":0,"comment_status":"closed","ping_status":"closed","template":"","meta":{"footnotes":""},"class_list":["post-1605","page","type-page","status-publish","hentry"],"_links":{"self":[{"href":"http:\/\/bliss.pro\/fracture\/wp-json\/wp\/v2\/pages\/1605","targetHints":{"allow":["GET"]}}],"collection":[{"href":"http:\/\/bliss.pro\/fracture\/wp-json\/wp\/v2\/pages"}],"about":[{"href":"http:\/\/bliss.pro\/fracture\/wp-json\/wp\/v2\/types\/page"}],"author":[{"embeddable":true,"href":"http:\/\/bliss.pro\/fracture\/wp-json\/wp\/v2\/users\/2"}],"replies":[{"embeddable":true,"href":"http:\/\/bliss.pro\/fracture\/wp-json\/wp\/v2\/comments?post=1605"}],"version-history":[{"count":2,"href":"http:\/\/bliss.pro\/fracture\/wp-json\/wp\/v2\/pages\/1605\/revisions"}],"predecessor-version":[{"id":1607,"href":"http:\/\/bliss.pro\/fracture\/wp-json\/wp\/v2\/pages\/1605\/revisions\/1607"}],"up":[{"embeddable":true,"href":"http:\/\/bliss.pro\/fracture\/wp-json\/wp\/v2\/pages\/1540"}],"wp:attachment":[{"href":"http:\/\/bliss.pro\/fracture\/wp-json\/wp\/v2\/media?parent=1605"}],"curies":[{"name":"wp","href":"https:\/\/api.w.org\/{rel}","templated":true}]}}