{"id":1565,"date":"2013-10-14T09:01:13","date_gmt":"2013-10-14T07:01:13","guid":{"rendered":"http:\/\/bliss.pro\/fracture\/?page_id=1565"},"modified":"2014-01-07T16:48:29","modified_gmt":"2014-01-07T15:48:29","slug":"les-riches-ont-gagne-le-dernier-essai","status":"publish","type":"page","link":"https:\/\/bliss.pro\/fracture\/","title":{"rendered":""},"content":{"rendered":"<div class='content-column one_half'><header class=\"entry-header\">\n<h1 class=\"entry-title\">\u00ab Pourquoi les riches ont gagn\u00e9\u00a0\u00bb<br \/>\n<span>le nouvel essai de Jean-Louis Servan-Schreiber<\/span><\/h1>\n<\/header>\n<p>Depuis six ans, l\u2019obsession politique et m\u00e9diatique de \u00ab\u00a0la crise\u00a0\u00bb occulte le fait que nous assistons, au XXI<sup>e<\/sup> si\u00e8cle, \u00e0 une explosion de la richesse mondiale. D\u00e9sormais, la plan\u00e8te compte 12 millions de millionnaires, dont 500 000 en France. Et leur nombre devrait augmenter de moiti\u00e9 d\u2019ici \u00e0 cinq ans. Heureusement, malgr\u00e9 la crise, la pauvret\u00e9 sur la plan\u00e8te s\u2019est aussi r\u00e9duite plus vite que pr\u00e9vu.<\/p>\n<p><iframe loading=\"lazy\" style=\"float: right; margin: 0 0 30px;\" src=\"\/\/www.youtube.com\/embed\/k62eR__U6JM\" height=\"330\" width=\"440\" allowfullscreen=\"\" frameborder=\"0\"><\/iframe><\/p>\n<p>La progression la plus spectaculaire est celle des plus fortun\u00e9s. Pour trois raisons :<br \/>\n\u2022 Une forte croissance mondiale (sauf en Europe).<br \/>\n\u2022 La r\u00e9volution num\u00e9rique qui favorise la multiplication des jeunes millionnaires.<br \/>\n\u2022 La domination croissante des financiers, ma\u00eetres du jeu de l\u2019argent et qui en sont les premiers b\u00e9n\u00e9ficiaires.<\/p>\n<p>Les riches semblent avoir gagn\u00e9 sur tous les tableaux : l\u2019argent, l\u2019influence politique et, fr\u00e9quemment, le contr\u00f4le des m\u00e9dias. On ne voit pas venir ce qui pourrait s\u2019opposer \u00e0 leur pouvoir.<\/p>\n<p>Pour autant, malgr\u00e9 les clich\u00e9s habituels, les Fran\u00e7ais ne d\u00e9testent pas les riches et souvent les admirent.<\/p>\n<p>Mais alors que la pauvret\u00e9 diminue, les in\u00e9galit\u00e9s s\u2019accroissent et peuvent d\u00e9stabiliser nos soci\u00e9t\u00e9s. Comment r\u00e9duire cette fracture devient la question primordiale des vingt ans \u00e0 venir.<\/div>\n<div class='content-column one_half last_column'><div class=\"rdv next\">\n<h2><a href=\"http:\/\/bliss.pro\/fracture\/les-riches-ont-gagne-le-dernier-essai\/medias\/\">Suivre les interventions m\u00e9dias<br \/>\nde Jean-Louis Servan-Schreiber<\/a><\/h2>\n<p><style>.cat1,.cat1 .fc-event-skin,.fc-agenda .cat1,a.cat1,a.cat1:active,a.cat1:visited{color:#FFFFFF !important;background-color:#a2abbd !important;border-color:#a2abbd !important}\na.cat1:hover{-moz-box-shadow:0 0 2px #000;-webkit-box-shadow:0 0 2px #000;box-shadow:0 0 2px #000;color:#FFFFFF !important;background-color:#a2abbd !important;border-color:#FFFFFF !important}\n.cat2,.cat2 .fc-event-skin,.fc-agenda .cat2,a.cat2,a.cat2:active,a.cat2:visited{color:#FFFFFF !important;background-color:#c7a3a4 !important;border-color:#c7a3a4 !important}\na.cat2:hover{-moz-box-shadow:0 0 2px #000;-webkit-box-shadow:0 0 2px #000;box-shadow:0 0 2px #000;color:#FFFFFF !important;background-color:#c7a3a4 !important;border-color:#FFFFFF !important}\n.cat3,.cat3 .fc-event-skin,.fc-agenda .cat3,a.cat3,a.cat3:active,a.cat3:visited{color:#FFFFFF !important;background-color:#929e99 !important;border-color:#929e99 !important}\na.cat3:hover{-moz-box-shadow:0 0 2px #000;-webkit-box-shadow:0 0 2px #000;box-shadow:0 0 2px #000;color:#FFFFFF !important;background-color:#929e99 !important;border-color:#FFFFFF !important}\n<\/style><ul class='aec-eventlist'><li>Pas de rendez-vous \u00e0 venir<\/li><\/ul>\n<span class='aec-credit'>AEC v1.0.4<\/span>\n<a class=\"toutes\" href=\"http:\/\/bliss.pro\/fracture\/les-riches-ont-gagne-le-dernier-essai\/medias\/\">Toutes les prochaines interventions<\/a><\/p>\n<\/div>\n<p><a style=\"float: right; margin-bottom: 20px;\" href=\"http:\/\/bliss.pro\/fracture\/wp-content\/uploads\/2013\/10\/Riches_Site.gif\"><img loading=\"lazy\" decoding=\"async\" class=\"wp-image-1742 alignnone\" alt=\"Riches_Site\" src=\"http:\/\/bliss.pro\/fracture\/wp-content\/uploads\/2013\/10\/Riches_Site.gif\" width=\"440\" height=\"396\" \/><\/a><\/p>\n<div class=\"rdv\">\n<h2>Suivre l&rsquo;actualit\u00e9 du livre<\/h2>\n<p><a style=\"text-align: center; font-size: 1rem; line-height: 1;\" href=\"https:\/\/www.facebook.com\/pages\/Pourquoi-les-riches-ont-gagn%C3%A9\/545160788903871?fref=ts\" target=\"_blank\"><img loading=\"lazy\" decoding=\"async\" alt=\"\" src=\"http:\/\/tropvite.fr\/wp-content\/themes\/tropvite\/img\/facebook.png\" width=\"73\" height=\"23\" \/><\/a><span style=\"text-align: center; font-size: 1rem; line-height: 1;\">\u00a0 \u00a0<\/span><\/p>\n<\/div><\/div><div class='clear_column'><\/div>\n","protected":false},"excerpt":{"rendered":"","protected":false},"author":2,"featured_media":0,"parent":0,"menu_order":0,"comment_status":"closed","ping_status":"closed","template":"page-templates\/full-width.php","meta":{"footnotes":""},"class_list":["post-1565","page","type-page","status-publish","hentry"],"_links":{"self":[{"href":"https:\/\/bliss.pro\/fracture\/wp-json\/wp\/v2\/pages\/1565","targetHints":{"allow":["GET"]}}],"collection":[{"href":"https:\/\/bliss.pro\/fracture\/wp-json\/wp\/v2\/pages"}],"about":[{"href":"https:\/\/bliss.pro\/fracture\/wp-json\/wp\/v2\/types\/page"}],"author":[{"embeddable":true,"href":"https:\/\/bliss.pro\/fracture\/wp-json\/wp\/v2\/users\/2"}],"replies":[{"embeddable":true,"href":"https:\/\/bliss.pro\/fracture\/wp-json\/wp\/v2\/comments?post=1565"}],"version-history":[{"count":85,"href":"https:\/\/bliss.pro\/fracture\/wp-json\/wp\/v2\/pages\/1565\/revisions"}],"predecessor-version":[{"id":1982,"href":"https:\/\/bliss.pro\/fracture\/wp-json\/wp\/v2\/pages\/1565\/revisions\/1982"}],"wp:attachment":[{"href":"https:\/\/bliss.pro\/fracture\/wp-json\/wp\/v2\/media?parent=1565"}],"curies":[{"name":"wp","href":"https:\/\/api.w.org\/{rel}","templated":true}]}}